{"id":25,"date":"2023-06-09T07:48:29","date_gmt":"2023-06-09T07:48:29","guid":{"rendered":"https:\/\/borgerforeningen.asaplive.dk\/?page_id=25"},"modified":"2024-03-15T11:57:39","modified_gmt":"2024-03-15T11:57:39","slug":"lokalomradet","status":"publish","type":"page","link":"https:\/\/borgerforeningen.asaplive.dk\/?page_id=25","title":{"rendered":"Lokalomr\u00e5det"},"content":{"rendered":"\t\t<div data-elementor-type=\"wp-page\" data-elementor-id=\"25\" class=\"elementor elementor-25\" data-elementor-post-type=\"page\">\n\t\t\t\t\t\t<section class=\"elementor-section elementor-top-section elementor-element elementor-element-160f6a60 elementor-section-full_width elementor-section-height-min-height elementor-section-height-default elementor-section-items-middle\" data-id=\"160f6a60\" data-element_type=\"section\" data-settings=\"{&quot;background_background&quot;:&quot;classic&quot;}\">\n\t\t\t\t\t\t<div class=\"elementor-container elementor-column-gap-default\">\n\t\t\t\t\t<div class=\"elementor-column elementor-col-100 elementor-top-column elementor-element elementor-element-1848062\" data-id=\"1848062\" data-element_type=\"column\" data-settings=\"{&quot;background_background&quot;:&quot;classic&quot;}\">\n\t\t\t<div class=\"elementor-widget-wrap elementor-element-populated\">\n\t\t\t\t\t\t<div class=\"elementor-element elementor-element-5e544ff8 elementor-widget elementor-widget-spacer\" data-id=\"5e544ff8\" data-element_type=\"widget\" data-widget_type=\"spacer.default\">\n\t\t\t\t<div class=\"elementor-widget-container\">\n\t\t\t\t\t<div class=\"elementor-spacer\">\n\t\t\t<div class=\"elementor-spacer-inner\"><\/div>\n\t\t<\/div>\n\t\t\t\t<\/div>\n\t\t\t\t<\/div>\n\t\t\t\t\t<\/div>\n\t\t<\/div>\n\t\t\t\t\t<\/div>\n\t\t<\/section>\n\t\t\t\t<section class=\"elementor-section elementor-top-section elementor-element elementor-element-c3f0677 elementor-section-full_width elementor-section-stretched elementor-section-height-default elementor-section-height-default\" data-id=\"c3f0677\" data-element_type=\"section\" data-settings=\"{&quot;stretch_section&quot;:&quot;section-stretched&quot;}\">\n\t\t\t\t\t\t<div class=\"elementor-container elementor-column-gap-default\">\n\t\t\t\t\t<div class=\"elementor-column elementor-col-25 elementor-top-column elementor-element elementor-element-70e1914\" data-id=\"70e1914\" data-element_type=\"column\" data-settings=\"{&quot;background_background&quot;:&quot;classic&quot;}\">\n\t\t\t<div class=\"elementor-widget-wrap\">\n\t\t\t\t\t\t\t<\/div>\n\t\t<\/div>\n\t\t\t\t<div class=\"elementor-column elementor-col-50 elementor-top-column elementor-element elementor-element-5a8d9f0\" data-id=\"5a8d9f0\" data-element_type=\"column\" data-settings=\"{&quot;background_background&quot;:&quot;classic&quot;}\">\n\t\t\t<div class=\"elementor-widget-wrap elementor-element-populated\">\n\t\t\t\t\t\t<div class=\"elementor-element elementor-element-8fbd581 elementor-widget elementor-widget-heading\" data-id=\"8fbd581\" data-element_type=\"widget\" data-widget_type=\"heading.default\">\n\t\t\t\t<div class=\"elementor-widget-container\">\n\t\t\t<h1 class=\"elementor-heading-title elementor-size-default\">Lokalomr\u00e5det<\/h1>\t\t<\/div>\n\t\t\t\t<\/div>\n\t\t\t\t<div class=\"elementor-element elementor-element-5cc7ef1 elementor-widget elementor-widget-text-editor\" data-id=\"5cc7ef1\" data-element_type=\"widget\" data-widget_type=\"text-editor.default\">\n\t\t\t\t<div class=\"elementor-widget-container\">\n\t\t\t\t\t\t\t<p>Lille Skensved, H\u00f8jelse og omegn er et velfungerende lokalsamfund. Vi har en sk\u00f8n by omgivet af hyggelige landsbyer, hvor vi tilbyder alt fra skole og daginstitutioner til idr\u00e6tsanl\u00e6g og et aktivt foreningsliv.\u00a0 Vores samfund er kendetegnet ved et unikt sammenhold, hvor vi kender hinanden p\u00e5 kryds og tv\u00e6rs af aldre fra aktiviteter, skole, daginstitution, og foreningsliv i byen.<\/p>\t\t\t\t\t\t<\/div>\n\t\t\t\t<\/div>\n\t\t\t\t<div class=\"elementor-element elementor-element-741d11c elementor-widget elementor-widget-heading\" data-id=\"741d11c\" data-element_type=\"widget\" data-widget_type=\"heading.default\">\n\t\t\t\t<div class=\"elementor-widget-container\">\n\t\t\t<h2 class=\"elementor-heading-title elementor-size-default\">H\u00f8j lokal aktivitet<\/h2>\t\t<\/div>\n\t\t\t\t<\/div>\n\t\t\t\t<div class=\"elementor-element elementor-element-3b7e85a elementor-widget elementor-widget-text-editor\" data-id=\"3b7e85a\" data-element_type=\"widget\" data-widget_type=\"text-editor.default\">\n\t\t\t\t<div class=\"elementor-widget-container\">\n\t\t\t\t\t\t\t<p>Det er karakteristisk for vores by, at mange borgere kender hinanden. Det skaber en f\u00f8lelse af f\u00e6llesskab og stor opbakning til lokale initiativer \u2013 og s\u00e5 er der stor velvilje til at hj\u00e6lpe, n\u00e5r nogen r\u00e6kker ud.<\/p><p>Skensvedhallen har en central placering og idr\u00e6tsforeningens mange aktivitetstilbud giver mulighed for at \u201dg\u00e5 til noget\u201d.\u00a0 Hallens placering i forhold til skolen g\u00f8r, at b\u00f8rnene selv kan g\u00e5 fra skolen til aktiviteter, fordi sikre cykelstier forbinder skolen med idr\u00e6tshallen, hvilket g\u00f8r det nemt for b\u00f8rnene at deltage i aktiviteter.<\/p><p>I Lille Skensved finder du b\u00e5de l\u00e6ge og tandl\u00e6ge. I byen finder du ogs\u00e5 en lokal fris\u00f8r, brugs, pizzeria, slagter og meget mere.<\/p>\t\t\t\t\t\t<\/div>\n\t\t\t\t<\/div>\n\t\t\t\t<div class=\"elementor-element elementor-element-58a81a4 elementor-widget elementor-widget-heading\" data-id=\"58a81a4\" data-element_type=\"widget\" data-widget_type=\"heading.default\">\n\t\t\t\t<div class=\"elementor-widget-container\">\n\t\t\t<h2 class=\"elementor-heading-title elementor-size-default\">Landsbyerne omkring<\/h2>\t\t<\/div>\n\t\t\t\t<\/div>\n\t\t\t\t<div class=\"elementor-element elementor-element-9b6ba8e elementor-widget__width-initial elementor-widget elementor-widget-text-editor\" data-id=\"9b6ba8e\" data-element_type=\"widget\" data-widget_type=\"text-editor.default\">\n\t\t\t\t<div class=\"elementor-widget-container\">\n\t\t\t\t\t\t\t<p>H\u00f8jelse er en af Lille Skensveds idylliske s\u00f8sterlandsby lokaliseret f\u00e5 hundrede meter mod syd. I H\u00f8jelse findes skole, SFO og kirke som er centrale for mange mennesker i b\u00e5de Lille Skensved, H\u00f8jelse og omegn. Der er cykelsti mellem H\u00f8jelse og Lille Skensved. Rundt om Lille Skensved finder du andre sm\u00e5, hyggelige landsbyer \u2013 blandt St. Salby, Assendrup og Naurbjerg. P\u00e5 vej mod Ejby er der ogs\u00e5 sk\u00f8n natur og fine steder at bos\u00e6tte sig.<\/p>\t\t\t\t\t\t<\/div>\n\t\t\t\t<\/div>\n\t\t\t\t<div class=\"elementor-element elementor-element-a9ff479 elementor-widget elementor-widget-spacer\" data-id=\"a9ff479\" data-element_type=\"widget\" data-widget_type=\"spacer.default\">\n\t\t\t\t<div class=\"elementor-widget-container\">\n\t\t\t\t\t<div class=\"elementor-spacer\">\n\t\t\t<div class=\"elementor-spacer-inner\"><\/div>\n\t\t<\/div>\n\t\t\t\t<\/div>\n\t\t\t\t<\/div>\n\t\t\t\t\t<\/div>\n\t\t<\/div>\n\t\t\t\t<div class=\"elementor-column elementor-col-25 elementor-top-column elementor-element elementor-element-07cfeac\" data-id=\"07cfeac\" data-element_type=\"column\" data-settings=\"{&quot;background_background&quot;:&quot;classic&quot;}\">\n\t\t\t<div class=\"elementor-widget-wrap elementor-element-populated\">\n\t\t\t\t\t\t\t<\/div>\n\t\t<\/div>\n\t\t\t\t\t<\/div>\n\t\t<\/section>\n\t\t\t\t<section class=\"elementor-section elementor-top-section elementor-element elementor-element-78aa12cc elementor-section-boxed elementor-section-height-default elementor-section-height-default\" data-id=\"78aa12cc\" data-element_type=\"section\">\n\t\t\t\t\t\t<div class=\"elementor-container elementor-column-gap-default\">\n\t\t\t\t\t<div class=\"elementor-column elementor-col-50 elementor-top-column elementor-element elementor-element-2c8b62fc\" data-id=\"2c8b62fc\" data-element_type=\"column\">\n\t\t\t<div class=\"elementor-widget-wrap\">\n\t\t\t\t\t\t\t<\/div>\n\t\t<\/div>\n\t\t\t\t<div class=\"elementor-column elementor-col-50 elementor-top-column elementor-element elementor-element-7b355543\" data-id=\"7b355543\" data-element_type=\"column\" data-settings=\"{&quot;background_background&quot;:&quot;classic&quot;}\">\n\t\t\t<div class=\"elementor-widget-wrap elementor-element-populated\">\n\t\t\t\t\t\t<div class=\"elementor-element elementor-element-e914bd4 elementor-widget__width-initial elementor-widget elementor-widget-toggle\" data-id=\"e914bd4\" data-element_type=\"widget\" data-widget_type=\"toggle.default\">\n\t\t\t\t<div class=\"elementor-widget-container\">\n\t\t\t\t\t<div class=\"elementor-toggle\">\n\t\t\t\t\t\t\t<div class=\"elementor-toggle-item\">\n\t\t\t\t\t<div id=\"elementor-tab-title-2441\" class=\"elementor-tab-title\" data-tab=\"1\" role=\"button\" aria-controls=\"elementor-tab-content-2441\" aria-expanded=\"false\">\n\t\t\t\t\t\t\t\t\t\t\t\t<span class=\"elementor-toggle-icon elementor-toggle-icon-right\" aria-hidden=\"true\">\n\t\t\t\t\t\t\t\t\t\t\t\t\t\t\t<span class=\"elementor-toggle-icon-closed\"><i class=\"lnr lnr-arrow-right\"><\/i><\/span>\n\t\t\t\t\t\t\t\t<span class=\"elementor-toggle-icon-opened\"><i class=\"elementor-toggle-icon-opened lnr lnr-arrow-down\"><\/i><\/span>\n\t\t\t\t\t\t\t\t\t\t\t\t\t<\/span>\n\t\t\t\t\t\t\t\t\t\t\t\t<a class=\"elementor-toggle-title\" tabindex=\"0\">Daginstitution<\/a>\n\t\t\t\t\t<\/div>\n\n\t\t\t\t\t<div id=\"elementor-tab-content-2441\" class=\"elementor-tab-content elementor-clearfix\" data-tab=\"1\" role=\"region\" aria-labelledby=\"elementor-tab-title-2441\"><p>\u00c6rtebjerghave B\u00f8rnecenter er en integreret 0-6 \u00e5rs institution normeret til 112 b\u00f8rn fordelt p\u00e5 ca. 72 b\u00f8rnehaveb\u00f8rn og 40 vuggestueb\u00f8rn. I stueetage finder du 4 vuggestue grupper samt en enkelt b\u00f8rnehave gruppe. P\u00e5 vores f\u00f8rste sal finder du yderligere 2 b\u00f8rnehave grupper.<\/p>\n<p>Omkring institutionen er der en stor legeplads p\u00e5 2900 kvadratmeter, som b\u00e5de vuggestue og b\u00f8rnehave anvender. L\u00e6s mere om institutionen her: <a href=\"https:\/\/www.aebc.dk\"><i>https:\/\/www.aebc.dk<\/i><\/a><\/p>\n<p>Udover daginstitutionen er der ogs\u00e5 2 private dagplejer i byen.<\/p><\/div>\n\t\t\t\t<\/div>\n\t\t\t\t\t\t\t<div class=\"elementor-toggle-item\">\n\t\t\t\t\t<div id=\"elementor-tab-title-2442\" class=\"elementor-tab-title\" data-tab=\"2\" role=\"button\" aria-controls=\"elementor-tab-content-2442\" aria-expanded=\"false\">\n\t\t\t\t\t\t\t\t\t\t\t\t<span class=\"elementor-toggle-icon elementor-toggle-icon-right\" aria-hidden=\"true\">\n\t\t\t\t\t\t\t\t\t\t\t\t\t\t\t<span class=\"elementor-toggle-icon-closed\"><i class=\"lnr lnr-arrow-right\"><\/i><\/span>\n\t\t\t\t\t\t\t\t<span class=\"elementor-toggle-icon-opened\"><i class=\"elementor-toggle-icon-opened lnr lnr-arrow-down\"><\/i><\/span>\n\t\t\t\t\t\t\t\t\t\t\t\t\t<\/span>\n\t\t\t\t\t\t\t\t\t\t\t\t<a class=\"elementor-toggle-title\" tabindex=\"0\">H\u00f8jelse skole<\/a>\n\t\t\t\t\t<\/div>\n\n\t\t\t\t\t<div id=\"elementor-tab-content-2442\" class=\"elementor-tab-content elementor-clearfix\" data-tab=\"2\" role=\"region\" aria-labelledby=\"elementor-tab-title-2442\"><p>H\u00f8jelse Skole er en folkeskole, som ligger i landlige omgivelser med tid til ro og fordybelse. Skolen har ca. 250 elever. Skolen har en til to klasser pr trin fra b\u00f8rnehaveklasse til 9. klasse. Til skolen h\u00f8rer SFO 1-2 og Klub som har fine tilbud om fritidsaktiviteter for b\u00f8rnene og et stabilt og kreativt personale. Skolen er en Play@Heart-skole, som har fokus p\u00e5 legende tilgange til teknologiforst\u00e5else. Skolen rummer bredde og \u00e5benhed og skolens st\u00f8rrelse g\u00f8r, at der ikke er langt fra ide til handling.<\/p>\n<p>L\u00e6s mere om skolen her: <a href=\"https:\/\/hoejelseskole.aula.dk\"><i>https:\/\/hoejelseskole.aula.dk<\/i><\/a><\/p><\/div>\n\t\t\t\t<\/div>\n\t\t\t\t\t\t\t<div class=\"elementor-toggle-item\">\n\t\t\t\t\t<div id=\"elementor-tab-title-2443\" class=\"elementor-tab-title\" data-tab=\"3\" role=\"button\" aria-controls=\"elementor-tab-content-2443\" aria-expanded=\"false\">\n\t\t\t\t\t\t\t\t\t\t\t\t<span class=\"elementor-toggle-icon elementor-toggle-icon-right\" aria-hidden=\"true\">\n\t\t\t\t\t\t\t\t\t\t\t\t\t\t\t<span class=\"elementor-toggle-icon-closed\"><i class=\"lnr lnr-arrow-right\"><\/i><\/span>\n\t\t\t\t\t\t\t\t<span class=\"elementor-toggle-icon-opened\"><i class=\"elementor-toggle-icon-opened lnr lnr-arrow-down\"><\/i><\/span>\n\t\t\t\t\t\t\t\t\t\t\t\t\t<\/span>\n\t\t\t\t\t\t\t\t\t\t\t\t<a class=\"elementor-toggle-title\" tabindex=\"0\">Foreningsliv<\/a>\n\t\t\t\t\t<\/div>\n\n\t\t\t\t\t<div id=\"elementor-tab-content-2443\" class=\"elementor-tab-content elementor-clearfix\" data-tab=\"3\" role=\"region\" aria-labelledby=\"elementor-tab-title-2443\"><p>Der findes flere forskellige foreninger i Lille Skensved, H\u00f8jelse og omegn, som arbejder aktivt for lokale initiativer og aktiviteter for b\u00f8rn og voksen i alle aldre. Den st\u00f8rste er Skensved Idr\u00e6ts Forening, som er en paraplyforening, der favner 7 afdelinger \u2013 nemlig Fodbold, H\u00e5ndbold, Bordtennis, Badminton, Gymnastik, Floorball og Fitness. Foreningens form\u00e5l er at styrke og fremme interessen for aktiv idr\u00e6tsud\u00f8velse.<\/p><p>Herudover finder du mange forskellige store og sm\u00e5 foreninger her under Pensionistforening, Familie og Samfund, H\u00f8jelse Sognearkiv, Spejderne og mange flere.<\/p><p>Foreningen H\u00f8jelse Landsbylaug er stiftet i 1992. Foreningen blev stiftet med det form\u00e5l at varetage beboernes f\u00e6lles interesser over for s\u00e5vel det offentlige som private. Landsbylaugets hovedopgave at arbejde for bevarelse af landsbymilj\u00f8et, og foreningen har endvidere til opgave at skabe et levende og aktivt milj\u00f8 for beboerne.<\/p><\/div>\n\t\t\t\t<\/div>\n\t\t\t\t\t\t\t<div class=\"elementor-toggle-item\">\n\t\t\t\t\t<div id=\"elementor-tab-title-2444\" class=\"elementor-tab-title\" data-tab=\"4\" role=\"button\" aria-controls=\"elementor-tab-content-2444\" aria-expanded=\"false\">\n\t\t\t\t\t\t\t\t\t\t\t\t<span class=\"elementor-toggle-icon elementor-toggle-icon-right\" aria-hidden=\"true\">\n\t\t\t\t\t\t\t\t\t\t\t\t\t\t\t<span class=\"elementor-toggle-icon-closed\"><i class=\"lnr lnr-arrow-right\"><\/i><\/span>\n\t\t\t\t\t\t\t\t<span class=\"elementor-toggle-icon-opened\"><i class=\"elementor-toggle-icon-opened lnr lnr-arrow-down\"><\/i><\/span>\n\t\t\t\t\t\t\t\t\t\t\t\t\t<\/span>\n\t\t\t\t\t\t\t\t\t\t\t\t<a class=\"elementor-toggle-title\" tabindex=\"0\">H\u00f8jelse Landsbylaug<\/a>\n\t\t\t\t\t<\/div>\n\n\t\t\t\t\t<div id=\"elementor-tab-content-2444\" class=\"elementor-tab-content elementor-clearfix\" data-tab=\"4\" role=\"region\" aria-labelledby=\"elementor-tab-title-2444\"><p>H\u00f8jelse Landsbylaug er stiftet i 1992. Foreningen blev stiftet med det form\u00e5l at varetage beboernes f\u00e6lles interesser over for s\u00e5vel det offentlige som private. Landsbylaugets hovedopgave at arbejde for bevarelse af landsbymilj\u00f8et, og foreningen har endvidere til opgave at skabe et levende og aktivt milj\u00f8 for beboerne.<\/p><\/div>\n\t\t\t\t<\/div>\n\t\t\t\t\t\t\t<div class=\"elementor-toggle-item\">\n\t\t\t\t\t<div id=\"elementor-tab-title-2445\" class=\"elementor-tab-title\" data-tab=\"5\" role=\"button\" aria-controls=\"elementor-tab-content-2445\" aria-expanded=\"false\">\n\t\t\t\t\t\t\t\t\t\t\t\t<span class=\"elementor-toggle-icon elementor-toggle-icon-right\" aria-hidden=\"true\">\n\t\t\t\t\t\t\t\t\t\t\t\t\t\t\t<span class=\"elementor-toggle-icon-closed\"><i class=\"lnr lnr-arrow-right\"><\/i><\/span>\n\t\t\t\t\t\t\t\t<span class=\"elementor-toggle-icon-opened\"><i class=\"elementor-toggle-icon-opened lnr lnr-arrow-down\"><\/i><\/span>\n\t\t\t\t\t\t\t\t\t\t\t\t\t<\/span>\n\t\t\t\t\t\t\t\t\t\t\t\t<a class=\"elementor-toggle-title\" tabindex=\"0\">Kirke<\/a>\n\t\t\t\t\t<\/div>\n\n\t\t\t\t\t<div id=\"elementor-tab-content-2445\" class=\"elementor-tab-content elementor-clearfix\" data-tab=\"5\" role=\"region\" aria-labelledby=\"elementor-tab-title-2445\"><p>Den smukke, h\u00f8jtliggende gulfilsede kirke i H\u00f8jelse er et af omr\u00e5dets kendetegn og har ligget der siden midten af det 12. \u00e5rhundrede. Som s\u00e5 mange andre kirker er H\u00f8jelse Kirke bygget over flere perioder. Den \u00e6ldste del (midtskibet) er bygget midt i 1100-tallet. Ca. 1450 er skibet forl\u00e6nget, og kalkmalerierne er sandsynligvis lavet samtidigt. F\u00f8rste del af t\u00e5rnet blev bygget ca. 1350, men blev f\u00f8rst i \u00e5r 1500 for\u00f8get til nuv\u00e6rende h\u00f8jde. Selve kirkeskibet er blyt\u00e6kket og t\u00e5rnet er teglh\u00e6ngt. Kirken har s\u00e5ledes bortset fra n\u00f8dvendige restaureringer st\u00e5et nogenlunde u\u00e6ndret siden omkring \u00e5r 1500.<\/p><p>Der sker masser af aktiviteter for b\u00f8rn og unge og deres familier i H\u00f8jelse kirke. Nogle er for bestemte aldersgrupper, men andre er for alle interesserede.<\/p><\/div>\n\t\t\t\t<\/div>\n\t\t\t\t\t\t\t\t<\/div>\n\t\t\t\t<\/div>\n\t\t\t\t<\/div>\n\t\t\t\t\t<\/div>\n\t\t<\/div>\n\t\t\t\t\t<\/div>\n\t\t<\/section>\n\t\t\t\t<\/div>\n\t\t","protected":false},"excerpt":{"rendered":"<p>Lokalomr\u00e5det Lille Skensved, H\u00f8jelse og omegn er et velfungerende lokalsamfund. Vi har en sk\u00f8n by omgivet af hyggelige landsbyer, hvor vi tilbyder alt fra skole og daginstitutioner til idr\u00e6tsanl\u00e6g og et aktivt foreningsliv.\u00a0 Vores samfund er kendetegnet ved et unikt sammenhold, hvor vi kender hinanden p\u00e5 kryds og tv\u00e6rs af aldre fra aktiviteter, skole, daginstitution, [&hellip;]<\/p>\n","protected":false},"author":1,"featured_media":0,"parent":0,"menu_order":0,"comment_status":"closed","ping_status":"closed","template":"","meta":{"_acf_changed":false,"footnotes":""},"class_list":["post-25","page","type-page","status-publish","hentry"],"acf":[],"_links":{"self":[{"href":"https:\/\/borgerforeningen.asaplive.dk\/index.php?rest_route=\/wp\/v2\/pages\/25","targetHints":{"allow":["GET"]}}],"collection":[{"href":"https:\/\/borgerforeningen.asaplive.dk\/index.php?rest_route=\/wp\/v2\/pages"}],"about":[{"href":"https:\/\/borgerforeningen.asaplive.dk\/index.php?rest_route=\/wp\/v2\/types\/page"}],"author":[{"embeddable":true,"href":"https:\/\/borgerforeningen.asaplive.dk\/index.php?rest_route=\/wp\/v2\/users\/1"}],"replies":[{"embeddable":true,"href":"https:\/\/borgerforeningen.asaplive.dk\/index.php?rest_route=%2Fwp%2Fv2%2Fcomments&post=25"}],"version-history":[{"count":310,"href":"https:\/\/borgerforeningen.asaplive.dk\/index.php?rest_route=\/wp\/v2\/pages\/25\/revisions"}],"predecessor-version":[{"id":2449,"href":"https:\/\/borgerforeningen.asaplive.dk\/index.php?rest_route=\/wp\/v2\/pages\/25\/revisions\/2449"}],"wp:attachment":[{"href":"https:\/\/borgerforeningen.asaplive.dk\/index.php?rest_route=%2Fwp%2Fv2%2Fmedia&parent=25"}],"curies":[{"name":"wp","href":"https:\/\/api.w.org\/{rel}","templated":true}]}}