{"id":16,"date":"2023-06-09T07:38:18","date_gmt":"2023-06-09T07:38:18","guid":{"rendered":"https:\/\/borgerforeningen.asaplive.dk\/?page_id=16"},"modified":"2024-03-15T13:54:48","modified_gmt":"2024-03-15T13:54:48","slug":"index","status":"publish","type":"page","link":"https:\/\/borgerforeningen.asaplive.dk\/","title":{"rendered":"Index"},"content":{"rendered":"\t\t<div data-elementor-type=\"wp-page\" data-elementor-id=\"16\" class=\"elementor elementor-16\" data-elementor-post-type=\"page\">\n\t\t\t\t\t\t<section class=\"elementor-section elementor-top-section elementor-element elementor-element-44889415 elementor-section-full_width elementor-section-items-stretch elementor-section-height-min-height elementor-section-height-default\" data-id=\"44889415\" data-element_type=\"section\" data-settings=\"{&quot;background_background&quot;:&quot;classic&quot;}\">\n\t\t\t\t\t\t<div class=\"elementor-container elementor-column-gap-no\">\n\t\t\t\t\t<div class=\"elementor-column elementor-col-100 elementor-top-column elementor-element elementor-element-4eab955d\" data-id=\"4eab955d\" data-element_type=\"column\">\n\t\t\t<div class=\"elementor-widget-wrap\">\n\t\t\t\t\t\t\t<\/div>\n\t\t<\/div>\n\t\t\t\t\t<\/div>\n\t\t<\/section>\n\t\t\t\t<section class=\"elementor-section elementor-top-section elementor-element elementor-element-5ca53501 elementor-section-full_width elementor-section-height-default elementor-section-height-default\" data-id=\"5ca53501\" data-element_type=\"section\" data-settings=\"{&quot;background_background&quot;:&quot;classic&quot;}\">\n\t\t\t\t\t\t<div class=\"elementor-container elementor-column-gap-default\">\n\t\t\t\t\t<div class=\"elementor-column elementor-col-100 elementor-top-column elementor-element elementor-element-6b1de815\" data-id=\"6b1de815\" data-element_type=\"column\" data-settings=\"{&quot;background_background&quot;:&quot;classic&quot;}\">\n\t\t\t<div class=\"elementor-widget-wrap elementor-element-populated\">\n\t\t\t\t\t\t<section class=\"elementor-section elementor-inner-section elementor-element elementor-element-56a9cb22 elementor-section-boxed elementor-section-height-default elementor-section-height-default\" data-id=\"56a9cb22\" data-element_type=\"section\">\n\t\t\t\t\t\t<div class=\"elementor-container elementor-column-gap-default\">\n\t\t\t\t\t<div class=\"elementor-column elementor-col-33 elementor-inner-column elementor-element elementor-element-335afbdc\" data-id=\"335afbdc\" data-element_type=\"column\">\n\t\t\t<div class=\"elementor-widget-wrap elementor-element-populated\">\n\t\t\t\t\t\t<div class=\"elementor-element elementor-element-36cbbc59 elementor-view-default elementor-widget elementor-widget-icon\" data-id=\"36cbbc59\" data-element_type=\"widget\" data-widget_type=\"icon.default\">\n\t\t\t\t<div class=\"elementor-widget-container\">\n\t\t\t\t\t<div class=\"elementor-icon-wrapper\">\n\t\t\t<div class=\"elementor-icon\">\n\t\t\t<i aria-hidden=\"true\" class=\" icon_heart\"><\/i>\t\t\t<\/div>\n\t\t<\/div>\n\t\t\t\t<\/div>\n\t\t\t\t<\/div>\n\t\t\t\t<div class=\"elementor-element elementor-element-7c33664a elementor-widget elementor-widget-heading\" data-id=\"7c33664a\" data-element_type=\"widget\" data-widget_type=\"heading.default\">\n\t\t\t\t<div class=\"elementor-widget-container\">\n\t\t\t<h2 class=\"elementor-heading-title elementor-size-default\">St\u00e6rkt lokalsamfund <br>med h\u00f8j aktivitet<\/h2>\t\t<\/div>\n\t\t\t\t<\/div>\n\t\t\t\t<div class=\"elementor-element elementor-element-3688e0aa elementor-widget__width-initial elementor-widget-mobile__width-inherit elementor-widget elementor-widget-text-editor\" data-id=\"3688e0aa\" data-element_type=\"widget\" data-widget_type=\"text-editor.default\">\n\t\t\t\t<div class=\"elementor-widget-container\">\n\t\t\t\t\t\t\t<p>Lille Skensved, H\u00f8jelse og omegn er et velfungerende lokalsamfund. Vi har en sk\u00f8n by omgivet af hyggelige landsbyer, hvor vi tilbyder alt fra skole og daginstitutioner til idr\u00e6tsanl\u00e6g og et aktivt foreningsliv.\u00a0 Vores samfund er kendetegnet ved et unikt sammenhold, hvor vi kender hinanden p\u00e5 kryds og tv\u00e6rs af alle aldre fra aktiviteter, skole, daginstitution, og foreningsliv i byen.<\/p>\t\t\t\t\t\t<\/div>\n\t\t\t\t<\/div>\n\t\t\t\t\t<\/div>\n\t\t<\/div>\n\t\t\t\t<div class=\"elementor-column elementor-col-33 elementor-inner-column elementor-element elementor-element-7b1f8776\" data-id=\"7b1f8776\" data-element_type=\"column\">\n\t\t\t<div class=\"elementor-widget-wrap elementor-element-populated\">\n\t\t\t\t\t\t<div class=\"elementor-element elementor-element-6abe1061 elementor-view-default elementor-widget elementor-widget-icon\" data-id=\"6abe1061\" data-element_type=\"widget\" data-widget_type=\"icon.default\">\n\t\t\t\t<div class=\"elementor-widget-container\">\n\t\t\t\t\t<div class=\"elementor-icon-wrapper\">\n\t\t\t<div class=\"elementor-icon\">\n\t\t\t<i aria-hidden=\"true\" class=\"fas fa-seedling\"><\/i>\t\t\t<\/div>\n\t\t<\/div>\n\t\t\t\t<\/div>\n\t\t\t\t<\/div>\n\t\t\t\t<div class=\"elementor-element elementor-element-1bea825d elementor-widget elementor-widget-heading\" data-id=\"1bea825d\" data-element_type=\"widget\" data-widget_type=\"heading.default\">\n\t\t\t\t<div class=\"elementor-widget-container\">\n\t\t\t<h2 class=\"elementor-heading-title elementor-size-default\">Attraktivt omr\u00e5de <br>i v\u00e6kst<\/h2>\t\t<\/div>\n\t\t\t\t<\/div>\n\t\t\t\t<div class=\"elementor-element elementor-element-4c7e1dd7 elementor-widget__width-initial elementor-widget-mobile__width-inherit elementor-widget elementor-widget-text-editor\" data-id=\"4c7e1dd7\" data-element_type=\"widget\" data-widget_type=\"text-editor.default\">\n\t\t\t\t<div class=\"elementor-widget-container\">\n\t\t\t\t\t\t\t<p>Lille Skensved er en mindre stationsby med direkte togforbindelse til K\u00f8ge og Roskilde. Byen ligger ogs\u00e5 t\u00e6t p\u00e5 K\u00f8ge Nord station, hvorfra der er hurtig togforbindelse til K\u00f8benhavn p\u00e5 bare 20 minutter. Vi l\u00e6gger stor v\u00e6gt p\u00e5 at sikre en positiv lokal udvikling af vores omr\u00e5de, og vi arbejder blandt andet for at sikre udvikling af vores by, flere gr\u00f8nne omr\u00e5der og stier.<\/p>\t\t\t\t\t\t<\/div>\n\t\t\t\t<\/div>\n\t\t\t\t\t<\/div>\n\t\t<\/div>\n\t\t\t\t<div class=\"elementor-column elementor-col-33 elementor-inner-column elementor-element elementor-element-70a053bb\" data-id=\"70a053bb\" data-element_type=\"column\">\n\t\t\t<div class=\"elementor-widget-wrap elementor-element-populated\">\n\t\t\t\t\t\t<div class=\"elementor-element elementor-element-3de07caf elementor-view-default elementor-widget elementor-widget-icon\" data-id=\"3de07caf\" data-element_type=\"widget\" data-widget_type=\"icon.default\">\n\t\t\t\t<div class=\"elementor-widget-container\">\n\t\t\t\t\t<div class=\"elementor-icon-wrapper\">\n\t\t\t<div class=\"elementor-icon\">\n\t\t\t<i aria-hidden=\"true\" class=\"lnr lnr-sun\"><\/i>\t\t\t<\/div>\n\t\t<\/div>\n\t\t\t\t<\/div>\n\t\t\t\t<\/div>\n\t\t\t\t<div class=\"elementor-element elementor-element-17713fb4 elementor-widget elementor-widget-heading\" data-id=\"17713fb4\" data-element_type=\"widget\" data-widget_type=\"heading.default\">\n\t\t\t\t<div class=\"elementor-widget-container\">\n\t\t\t<h2 class=\"elementor-heading-title elementor-size-default\">Gr\u00f8nt omr\u00e5de \u2013 t\u00e6t <br>p\u00e5 by og strand\n<\/h2>\t\t<\/div>\n\t\t\t\t<\/div>\n\t\t\t\t<div class=\"elementor-element elementor-element-617e8a05 elementor-widget__width-initial elementor-widget-mobile__width-inherit elementor-widget elementor-widget-text-editor\" data-id=\"617e8a05\" data-element_type=\"widget\" data-widget_type=\"text-editor.default\">\n\t\t\t\t<div class=\"elementor-widget-container\">\n\t\t\t\t\t\t\t<p>K\u00f8ge by ligger kun 40 km syd for K\u00f8benhavn. Lille Skensved, H\u00f8jelse og de omkringliggende landsbyer, befinder sig i den nordlige del af K\u00f8ge kommune. Her kan du bos\u00e6tte dig n\u00e6r skov og strand. Her er ogs\u00e5 et aktivt og rigt kultur- og foreningsliv \u2013 og s\u00e5 er vi omgivet af gr\u00f8nne marker og sk\u00f8n natur.<\/p>\t\t\t\t\t\t<\/div>\n\t\t\t\t<\/div>\n\t\t\t\t\t<\/div>\n\t\t<\/div>\n\t\t\t\t\t<\/div>\n\t\t<\/section>\n\t\t\t\t\t<\/div>\n\t\t<\/div>\n\t\t\t\t\t<\/div>\n\t\t<\/section>\n\t\t\t\t<section class=\"elementor-section elementor-top-section elementor-element elementor-element-f4990b1 elementor-section-boxed elementor-section-height-default elementor-section-height-default\" data-id=\"f4990b1\" data-element_type=\"section\">\n\t\t\t\t\t\t<div class=\"elementor-container elementor-column-gap-wide\">\n\t\t\t\t\t<div class=\"elementor-column elementor-col-50 elementor-top-column elementor-element elementor-element-b73697d\" data-id=\"b73697d\" data-element_type=\"column\">\n\t\t\t<div class=\"elementor-widget-wrap elementor-element-populated\">\n\t\t\t\t\t\t<div class=\"elementor-element elementor-element-eae9ab5 elementor-widget elementor-widget-heading\" data-id=\"eae9ab5\" data-element_type=\"widget\" data-widget_type=\"heading.default\">\n\t\t\t\t<div class=\"elementor-widget-container\">\n\t\t\t<h2 class=\"elementor-heading-title elementor-size-default\">Borgerforeningen<\/h2>\t\t<\/div>\n\t\t\t\t<\/div>\n\t\t\t\t<div class=\"elementor-element elementor-element-eaf89d6 elementor-widget__width-initial elementor-widget elementor-widget-text-editor\" data-id=\"eaf89d6\" data-element_type=\"widget\" data-widget_type=\"text-editor.default\">\n\t\t\t\t<div class=\"elementor-widget-container\">\n\t\t\t\t\t\t\t<p>Hovedform\u00e5let for \u2018Borgerforeningen Lille Skensved, H\u00f8jelse og omegn\u2019 er at v\u00e6re et lokalt taler\u00f8r for Lille Skensved, H\u00f8jelse og omegn samt at arbejde for et \u00f8get fokus p\u00e5 initiativer og udvikling i vores omr\u00e5de med det form\u00e5l at tiltr\u00e6kke og fastholde borgere og b\u00f8rnefamilier.<\/p>\t\t\t\t\t\t<\/div>\n\t\t\t\t<\/div>\n\t\t\t\t<div class=\"elementor-element elementor-element-02841aa elementor-position-right elementor-vertical-align-middle elementor-widget__width-initial elementor-vertical-align-top elementor-vertical-align-middle elementor-widget-mobile__width-initial elementor-view-default elementor-widget elementor-widget-icon-box\" data-id=\"02841aa\" data-element_type=\"widget\" data-widget_type=\"icon-box.default\">\n\t\t\t\t<div class=\"elementor-widget-container\">\n\t\t\t\t\t<div class=\"elementor-icon-box-wrapper\">\n\n\t\t\t\t\t\t<div class=\"elementor-icon-box-icon\">\n\t\t\t\t<a href=\"https:\/\/borgerforeningen.asaplive.dk\/?page_id=23(opens%20in%20a%20new%20tab)\" class=\"elementor-icon elementor-animation-\" tabindex=\"-1\">\n\t\t\t\t<i aria-hidden=\"true\" class=\"lnr lnr-arrow-right\"><\/i>\t\t\t\t<\/a>\n\t\t\t<\/div>\n\t\t\t\n\t\t\t\t\t\t<div class=\"elementor-icon-box-content\">\n\n\t\t\t\t\t\t\t\t\t<h3 class=\"elementor-icon-box-title\">\n\t\t\t\t\t\t<a href=\"https:\/\/borgerforeningen.asaplive.dk\/?page_id=23(opens%20in%20a%20new%20tab)\" >\n\t\t\t\t\t\t\tL\u00e6s mere\t\t\t\t\t\t<\/a>\n\t\t\t\t\t<\/h3>\n\t\t\t\t\n\t\t\t\t\n\t\t\t<\/div>\n\t\t\t\n\t\t<\/div>\n\t\t\t\t<\/div>\n\t\t\t\t<\/div>\n\t\t\t\t\t<\/div>\n\t\t<\/div>\n\t\t\t\t<div class=\"elementor-column elementor-col-50 elementor-top-column elementor-element elementor-element-8ba5d78\" data-id=\"8ba5d78\" data-element_type=\"column\">\n\t\t\t<div class=\"elementor-widget-wrap elementor-element-populated\">\n\t\t\t\t\t\t<div class=\"elementor-element elementor-element-a41b951 elementor-widget elementor-widget-image\" data-id=\"a41b951\" data-element_type=\"widget\" data-widget_type=\"image.default\">\n\t\t\t\t<div class=\"elementor-widget-container\">\n\t\t\t\t\t\t\t\t\t\t\t\t\t<img fetchpriority=\"high\" decoding=\"async\" width=\"800\" height=\"534\" src=\"https:\/\/borgerforeningen.asaplive.dk\/wp-content\/uploads\/2024\/01\/IMG_6692-1024x683.jpg\" class=\"attachment-large size-large wp-image-1303\" alt=\"\" srcset=\"https:\/\/borgerforeningen.asaplive.dk\/wp-content\/uploads\/2024\/01\/IMG_6692-1024x683.jpg 1024w, https:\/\/borgerforeningen.asaplive.dk\/wp-content\/uploads\/2024\/01\/IMG_6692-300x200.jpg 300w, https:\/\/borgerforeningen.asaplive.dk\/wp-content\/uploads\/2024\/01\/IMG_6692-768x512.jpg 768w, https:\/\/borgerforeningen.asaplive.dk\/wp-content\/uploads\/2024\/01\/IMG_6692-1536x1024.jpg 1536w, https:\/\/borgerforeningen.asaplive.dk\/wp-content\/uploads\/2024\/01\/IMG_6692-2048x1365.jpg 2048w\" sizes=\"(max-width: 800px) 100vw, 800px\" \/>\t\t\t\t\t\t\t\t\t\t\t\t\t<\/div>\n\t\t\t\t<\/div>\n\t\t\t\t\t<\/div>\n\t\t<\/div>\n\t\t\t\t\t<\/div>\n\t\t<\/section>\n\t\t\t\t<section class=\"elementor-section elementor-top-section elementor-element elementor-element-6ae96df elementor-section-full_width elementor-section-height-default elementor-section-height-default\" data-id=\"6ae96df\" data-element_type=\"section\" data-settings=\"{&quot;background_background&quot;:&quot;classic&quot;}\">\n\t\t\t\t\t\t<div class=\"elementor-container elementor-column-gap-wide\">\n\t\t\t\t\t<div class=\"elementor-column elementor-col-50 elementor-top-column elementor-element elementor-element-45a8a80 elementor-hidden-mobile\" data-id=\"45a8a80\" data-element_type=\"column\" data-settings=\"{&quot;background_background&quot;:&quot;classic&quot;}\">\n\t\t\t<div class=\"elementor-widget-wrap elementor-element-populated\">\n\t\t\t\t\t\t<div class=\"elementor-element elementor-element-660782e elementor-widget elementor-widget-spacer\" data-id=\"660782e\" data-element_type=\"widget\" data-widget_type=\"spacer.default\">\n\t\t\t\t<div class=\"elementor-widget-container\">\n\t\t\t\t\t<div class=\"elementor-spacer\">\n\t\t\t<div class=\"elementor-spacer-inner\"><\/div>\n\t\t<\/div>\n\t\t\t\t<\/div>\n\t\t\t\t<\/div>\n\t\t\t\t\t<\/div>\n\t\t<\/div>\n\t\t\t\t<div class=\"elementor-column elementor-col-50 elementor-top-column elementor-element elementor-element-d4d701b\" data-id=\"d4d701b\" data-element_type=\"column\">\n\t\t\t<div class=\"elementor-widget-wrap elementor-element-populated\">\n\t\t\t\t\t\t<div class=\"elementor-element elementor-element-646c711 elementor-widget elementor-widget-heading\" data-id=\"646c711\" data-element_type=\"widget\" data-widget_type=\"heading.default\">\n\t\t\t\t<div class=\"elementor-widget-container\">\n\t\t\t<h2 class=\"elementor-heading-title elementor-size-default\">Lokalomr\u00e5det<\/h2>\t\t<\/div>\n\t\t\t\t<\/div>\n\t\t\t\t<div class=\"elementor-element elementor-element-9fe427c elementor-widget__width-initial elementor-widget elementor-widget-text-editor\" data-id=\"9fe427c\" data-element_type=\"widget\" data-widget_type=\"text-editor.default\">\n\t\t\t\t<div class=\"elementor-widget-container\">\n\t\t\t\t\t\t\t<p>Lille Skensved ligger t\u00e6t p\u00e5 by, strand og skov. Vi har hurtigt togforbindelse til K\u00f8benhavn og gode infrastrukturelle forbindelser omkring os. Byen har en velfungerende skole og en god daginstitution, et rigt erhvervsliv og aktivt foreningsliv. Her er trygt for b\u00f8rnene at vokse op.<\/p>\t\t\t\t\t\t<\/div>\n\t\t\t\t<\/div>\n\t\t\t\t<div class=\"elementor-element elementor-element-d9ca9ec elementor-position-right elementor-vertical-align-middle elementor-widget__width-initial elementor-mobile-position-right elementor-vertical-align-middle elementor-vertical-align-top elementor-view-default elementor-widget elementor-widget-icon-box\" data-id=\"d9ca9ec\" data-element_type=\"widget\" data-widget_type=\"icon-box.default\">\n\t\t\t\t<div class=\"elementor-widget-container\">\n\t\t\t\t\t<div class=\"elementor-icon-box-wrapper\">\n\n\t\t\t\t\t\t<div class=\"elementor-icon-box-icon\">\n\t\t\t\t<a href=\"https:\/\/borgerforeningen.asaplive.dk\/?page_id=25\" class=\"elementor-icon elementor-animation-\" tabindex=\"-1\">\n\t\t\t\t<i aria-hidden=\"true\" class=\"lnr lnr-arrow-right\"><\/i>\t\t\t\t<\/a>\n\t\t\t<\/div>\n\t\t\t\n\t\t\t\t\t\t<div class=\"elementor-icon-box-content\">\n\n\t\t\t\t\t\t\t\t\t<h3 class=\"elementor-icon-box-title\">\n\t\t\t\t\t\t<a href=\"https:\/\/borgerforeningen.asaplive.dk\/?page_id=25\" >\n\t\t\t\t\t\t\tL\u00e6s mere\t\t\t\t\t\t<\/a>\n\t\t\t\t\t<\/h3>\n\t\t\t\t\n\t\t\t\t\n\t\t\t<\/div>\n\t\t\t\n\t\t<\/div>\n\t\t\t\t<\/div>\n\t\t\t\t<\/div>\n\t\t\t\t\t<\/div>\n\t\t<\/div>\n\t\t\t\t\t<\/div>\n\t\t<\/section>\n\t\t\t\t<section class=\"elementor-section elementor-top-section elementor-element elementor-element-a3e1438 elementor-hidden-desktop elementor-hidden-tablet elementor-section-boxed elementor-section-height-default elementor-section-height-default\" data-id=\"a3e1438\" data-element_type=\"section\">\n\t\t\t\t\t\t<div class=\"elementor-container elementor-column-gap-default\">\n\t\t\t\t\t<div class=\"elementor-column elementor-col-100 elementor-top-column elementor-element elementor-element-923b68e elementor-hidden-desktop elementor-hidden-tablet\" data-id=\"923b68e\" data-element_type=\"column\" data-settings=\"{&quot;background_background&quot;:&quot;classic&quot;}\">\n\t\t\t<div class=\"elementor-widget-wrap elementor-element-populated\">\n\t\t\t\t\t\t<div class=\"elementor-element elementor-element-1c5c7d4 elementor-widget elementor-widget-image\" data-id=\"1c5c7d4\" data-element_type=\"widget\" data-widget_type=\"image.default\">\n\t\t\t\t<div class=\"elementor-widget-container\">\n\t\t\t\t\t\t\t\t\t\t\t\t\t<img decoding=\"async\" width=\"800\" height=\"556\" src=\"https:\/\/borgerforeningen.asaplive.dk\/wp-content\/uploads\/2024\/01\/IMG_0059-scaled-e1706105358396-1024x712.jpg\" class=\"attachment-large size-large wp-image-1308\" alt=\"\" srcset=\"https:\/\/borgerforeningen.asaplive.dk\/wp-content\/uploads\/2024\/01\/IMG_0059-scaled-e1706105358396-1024x712.jpg 1024w, https:\/\/borgerforeningen.asaplive.dk\/wp-content\/uploads\/2024\/01\/IMG_0059-scaled-e1706105358396-300x208.jpg 300w, https:\/\/borgerforeningen.asaplive.dk\/wp-content\/uploads\/2024\/01\/IMG_0059-scaled-e1706105358396-768x534.jpg 768w, https:\/\/borgerforeningen.asaplive.dk\/wp-content\/uploads\/2024\/01\/IMG_0059-scaled-e1706105358396-1536x1067.jpg 1536w, https:\/\/borgerforeningen.asaplive.dk\/wp-content\/uploads\/2024\/01\/IMG_0059-scaled-e1706105358396-2048x1423.jpg 2048w\" sizes=\"(max-width: 800px) 100vw, 800px\" \/>\t\t\t\t\t\t\t\t\t\t\t\t\t<\/div>\n\t\t\t\t<\/div>\n\t\t\t\t\t<\/div>\n\t\t<\/div>\n\t\t\t\t\t<\/div>\n\t\t<\/section>\n\t\t\t\t<section class=\"elementor-section elementor-top-section elementor-element elementor-element-f277087 elementor-section-boxed elementor-section-height-default elementor-section-height-default\" data-id=\"f277087\" data-element_type=\"section\">\n\t\t\t\t\t\t<div class=\"elementor-container elementor-column-gap-wide\">\n\t\t\t\t\t<div class=\"elementor-column elementor-col-50 elementor-top-column elementor-element elementor-element-db5774e\" data-id=\"db5774e\" data-element_type=\"column\">\n\t\t\t<div class=\"elementor-widget-wrap elementor-element-populated\">\n\t\t\t\t\t\t<div class=\"elementor-element elementor-element-d9f81de elementor-widget elementor-widget-heading\" data-id=\"d9f81de\" data-element_type=\"widget\" data-widget_type=\"heading.default\">\n\t\t\t\t<div class=\"elementor-widget-container\">\n\t\t\t<h2 class=\"elementor-heading-title elementor-size-default\">Det sker<\/h2>\t\t<\/div>\n\t\t\t\t<\/div>\n\t\t\t\t<div class=\"elementor-element elementor-element-a2ca3d4 elementor-widget__width-initial elementor-widget elementor-widget-text-editor\" data-id=\"a2ca3d4\" data-element_type=\"widget\" data-widget_type=\"text-editor.default\">\n\t\t\t\t<div class=\"elementor-widget-container\">\n\t\t\t\t\t\t\t<p>Foreningen arbejder aktivt for at sikre lokale f\u00e6lleskabende aktiviteter og initiativer, der kan styrke sammenholdet i lokalsamfundet og g\u00f8re omr\u00e5det attraktiv for nye tilflyttere. Blandt andet afholder vi hvert \u00e5r en lille festival \u201dSkensved Dejligst\u201d som samler det hele byen til fest.<\/p>\t\t\t\t\t\t<\/div>\n\t\t\t\t<\/div>\n\t\t\t\t<div class=\"elementor-element elementor-element-be0f004 elementor-position-right elementor-vertical-align-middle elementor-widget__width-initial elementor-mobile-position-right elementor-widget-tablet__width-initial elementor-view-default elementor-widget elementor-widget-icon-box\" data-id=\"be0f004\" data-element_type=\"widget\" data-widget_type=\"icon-box.default\">\n\t\t\t\t<div class=\"elementor-widget-container\">\n\t\t\t\t\t<div class=\"elementor-icon-box-wrapper\">\n\n\t\t\t\t\t\t<div class=\"elementor-icon-box-icon\">\n\t\t\t\t<a href=\"https:\/\/borgerforeningen.asaplive.dk\/?page_id=842\" class=\"elementor-icon elementor-animation-\" tabindex=\"-1\">\n\t\t\t\t<i aria-hidden=\"true\" class=\"lnr lnr-arrow-right\"><\/i>\t\t\t\t<\/a>\n\t\t\t<\/div>\n\t\t\t\n\t\t\t\t\t\t<div class=\"elementor-icon-box-content\">\n\n\t\t\t\t\t\t\t\t\t<h3 class=\"elementor-icon-box-title\">\n\t\t\t\t\t\t<a href=\"https:\/\/borgerforeningen.asaplive.dk\/?page_id=842\" >\n\t\t\t\t\t\t\tL\u00e6s mere\t\t\t\t\t\t<\/a>\n\t\t\t\t\t<\/h3>\n\t\t\t\t\n\t\t\t\t\n\t\t\t<\/div>\n\t\t\t\n\t\t<\/div>\n\t\t\t\t<\/div>\n\t\t\t\t<\/div>\n\t\t\t\t\t<\/div>\n\t\t<\/div>\n\t\t\t\t<div class=\"elementor-column elementor-col-50 elementor-top-column elementor-element elementor-element-c2c6789 elementor-hidden-mobile\" data-id=\"c2c6789\" data-element_type=\"column\" data-settings=\"{&quot;background_background&quot;:&quot;classic&quot;}\">\n\t\t\t<div class=\"elementor-widget-wrap elementor-element-populated\">\n\t\t\t\t\t\t<div class=\"elementor-element elementor-element-dc75699 elementor-widget elementor-widget-image\" data-id=\"dc75699\" data-element_type=\"widget\" data-widget_type=\"image.default\">\n\t\t\t\t<div class=\"elementor-widget-container\">\n\t\t\t\t\t\t\t\t\t\t\t\t\t<img decoding=\"async\" width=\"800\" height=\"556\" src=\"https:\/\/borgerforeningen.asaplive.dk\/wp-content\/uploads\/2024\/01\/IMG_0059-scaled-e1706105358396-1024x712.jpg\" class=\"attachment-large size-large wp-image-1308\" alt=\"\" srcset=\"https:\/\/borgerforeningen.asaplive.dk\/wp-content\/uploads\/2024\/01\/IMG_0059-scaled-e1706105358396-1024x712.jpg 1024w, https:\/\/borgerforeningen.asaplive.dk\/wp-content\/uploads\/2024\/01\/IMG_0059-scaled-e1706105358396-300x208.jpg 300w, https:\/\/borgerforeningen.asaplive.dk\/wp-content\/uploads\/2024\/01\/IMG_0059-scaled-e1706105358396-768x534.jpg 768w, https:\/\/borgerforeningen.asaplive.dk\/wp-content\/uploads\/2024\/01\/IMG_0059-scaled-e1706105358396-1536x1067.jpg 1536w, https:\/\/borgerforeningen.asaplive.dk\/wp-content\/uploads\/2024\/01\/IMG_0059-scaled-e1706105358396-2048x1423.jpg 2048w\" sizes=\"(max-width: 800px) 100vw, 800px\" \/>\t\t\t\t\t\t\t\t\t\t\t\t\t<\/div>\n\t\t\t\t<\/div>\n\t\t\t\t\t<\/div>\n\t\t<\/div>\n\t\t\t\t\t<\/div>\n\t\t<\/section>\n\t\t\t\t<\/div>\n\t\t","protected":false},"excerpt":{"rendered":"<p>St\u00e6rkt lokalsamfund med h\u00f8j aktivitet Lille Skensved, H\u00f8jelse og omegn er et velfungerende lokalsamfund. Vi har en sk\u00f8n by omgivet af hyggelige landsbyer, hvor vi tilbyder alt fra skole og daginstitutioner til idr\u00e6tsanl\u00e6g og et aktivt foreningsliv.\u00a0 Vores samfund er kendetegnet ved et unikt sammenhold, hvor vi kender hinanden p\u00e5 kryds og tv\u00e6rs af alle [&hellip;]<\/p>\n","protected":false},"author":1,"featured_media":0,"parent":0,"menu_order":0,"comment_status":"closed","ping_status":"closed","template":"","meta":{"_acf_changed":false,"footnotes":""},"class_list":["post-16","page","type-page","status-publish","hentry"],"acf":[],"_links":{"self":[{"href":"https:\/\/borgerforeningen.asaplive.dk\/index.php?rest_route=\/wp\/v2\/pages\/16","targetHints":{"allow":["GET"]}}],"collection":[{"href":"https:\/\/borgerforeningen.asaplive.dk\/index.php?rest_route=\/wp\/v2\/pages"}],"about":[{"href":"https:\/\/borgerforeningen.asaplive.dk\/index.php?rest_route=\/wp\/v2\/types\/page"}],"author":[{"embeddable":true,"href":"https:\/\/borgerforeningen.asaplive.dk\/index.php?rest_route=\/wp\/v2\/users\/1"}],"replies":[{"embeddable":true,"href":"https:\/\/borgerforeningen.asaplive.dk\/index.php?rest_route=%2Fwp%2Fv2%2Fcomments&post=16"}],"version-history":[{"count":520,"href":"https:\/\/borgerforeningen.asaplive.dk\/index.php?rest_route=\/wp\/v2\/pages\/16\/revisions"}],"predecessor-version":[{"id":2563,"href":"https:\/\/borgerforeningen.asaplive.dk\/index.php?rest_route=\/wp\/v2\/pages\/16\/revisions\/2563"}],"wp:attachment":[{"href":"https:\/\/borgerforeningen.asaplive.dk\/index.php?rest_route=%2Fwp%2Fv2%2Fmedia&parent=16"}],"curies":[{"name":"wp","href":"https:\/\/api.w.org\/{rel}","templated":true}]}}